{"id":3169,"date":"2022-04-09T05:12:13","date_gmt":"2022-04-09T03:12:13","guid":{"rendered":"https:\/\/btplus.gf\/?page_id=3169"},"modified":"2022-05-19T13:00:42","modified_gmt":"2022-05-19T11:00:42","slug":"accueil","status":"publish","type":"page","link":"https:\/\/btplus.gf\/","title":{"rendered":"Accueil"},"content":{"rendered":"<div  id=\"notre-expertise\" class=\"features-16-card-bordered-mc content-section content-section-spacing\" style=\"background-color: #ffffff;\" data-label=\"Notre expertise\" data-id=\"features-16-card-bordered-mc\" data-export-id=\"features-16-card-bordered-mc\" data-bullets-visibility=\"true\" data-category=\"features\">\n<div  class=\"gridContainer\">\n<div  class=\"row text-center\">\n<div  class=\"section-title-col\" data-type=\"column\">\n<h2  class=\"\">Nous avons les solutions qu\u2019il vous faut<\/h2>\n\n\n<\/div>\n<\/div>\n<div  class=\"row spaced-cols\" data-type=\"row\">\n<div  class=\"col-xs-12 col-sm-6 col-md-4\">\n<div  class=\"card no-padding bordered y-move\"><img decoding=\"async\"  class=\"face\" title=\"cropped-cropped-couple-maison-1.png\" src=\"http:\/\/btplus.gf\/wp-content\/uploads\/2022\/04\/cropped-cropped-couple-maison-1.png\" alt=\"\">\n<div  class=\"col-padding-small col-padding-small-xs description-container\" data-type=\"column\">\n<h4  class=\"font-500\">Construction<\/h4>\n<p  class=\"\">Nous construisons des maisons individuelles conform\u00e9ment \u00e0 votre plan de construction. Nous proposons&nbsp; aussi un service cl\u00e9 en main, sur mesure pour vous.<\/p>\n\n<\/div>\n<div  class=\"col-padding-small col-padding-small-xs read-more-container\" data-type=\"column\"><\/div>\n<\/div>\n<\/div>\n<div  class=\"col-xs-12 col-sm-6 col-md-4\">\n<div  class=\"card no-padding bordered y-move\"><img decoding=\"async\"  class=\"face\" title=\"cropped-peinture-maison.png\" src=\"http:\/\/btplus.gf\/wp-content\/uploads\/2022\/04\/cropped-peinture-maison.png\" alt=\"\">\n<div  class=\"col-padding-small col-padding-small-xs description-container\" data-type=\"column\">\n<h4  class=\"font-500\">Peinture<\/h4>\n<p  class=\"\">Pour les entreprises et les bailleurs nous proposons un service de peinture en batiment, avec une expertise \u00e0 l\u00e9preuve du temps et de la pluie.<\/p>\n\n<\/div>\n<div  class=\"col-padding-small col-padding-small-xs read-more-container\" data-type=\"column\"><\/div>\n<\/div>\n<\/div>\n<div  class=\"col-xs-12 col-sm-6 col-md-4\">\n<div  class=\"card no-padding bordered y-move\"><img decoding=\"async\"  class=\"face\" title=\"cropped-Re\u0301novation.png\" src=\"http:\/\/btplus.gf\/wp-content\/uploads\/2022\/04\/cropped-Re\u0301novation.png\" alt=\"\">\n<div  class=\"col-padding-small col-padding-small-xs description-container\" data-type=\"column\">\n<h4  class=\"font-500\">R\u00e9novation<\/h4>\n<p  class=\"\">Des travaux \u00e0 r\u00e9aliser ? Laissez-nous le chantier. Nous allons r\u00e9nover votre bien et avec la garantie sur les finitions. Maison comme appartement.<\/p>\n\n<\/div>\n<div  class=\"col-padding-small col-padding-small-xs read-more-container\" data-type=\"column\"><\/div>\n<\/div>\n<\/div>\n<\/div>\n<\/div>\n<\/div><div  id=\"nos-realisations-1\" class=\"about-images-right-section-mc content-section content-section-spacing\" style=\"background-color: #f5fafd;\" data-label=\"Nos realisations\" data-id=\"about-images-right-section-mc\" data-export-id=\"about-images-right-section-mc\" data-bullets-visibility=\"true\" data-category=\"about\">\n<div  class=\"gridContainer\">\n<div  class=\"row middle-sm text-center\">\n<div  class=\"col-sm-5 content-left-sm\" data-type=\"column\">\n\n<h2  class=\"\"><span  style=\"font-family: Playfair Display,sans-serif; font-weight: bold; font-style: italic;\">Votre projet avant tout !<\/span><\/h2>\n<p  class=\"\">Plus de 20 ans d\u2019histoire en Guyane, BAT TOUT PLUS est aujourd\u2019hui l\u2019une des soci\u00e9t\u00e9s\ndans le BTP connue pour ses comp\u00e9tences.\nSon si\u00e8ge social se situe au 4 route de Mont sec Hameau des Encens 97354 Remire-Montjoly.\nLa majorit\u00e9 des activit\u00e9s r\u00e9alis\u00e9es&nbsp;: principalement la construction de maison individuelle, la\npeinture et la r\u00e9novation de tout types de travaux (particuliers, collectivit\u00e9s, entreprises, associations\u2026).\n<br ><br >\n<br >BAT TOUT PLUS s\u2019engage dans le choix des mat\u00e9riaux en prenant en consid\u00e9ration la<br >demande de ses clients et des proc\u00e9d\u00e9s de construction moderne, contemporain, selon la<br >demande. L\u2019\u00e9coute et l\u2019engagement, la qualit\u00e9, la transparence et la discr\u00e9tion sont nos<br >secrets.<br ><br >Nous restons disponibles pour vous rencontrer et \u00e9tudier les possibilit\u00e9s de partenariat<br >\u00e9ventuelles au vu de la forte synergie entre nos activit\u00e9s respectives.<\/p>\n\n\n<a class=\"button blue\" href=\"https:\/\/btplus.gf?page_id=3561\" target=\"_self\" data-cp-link=\"1\" rel=\"noopener\">Voir nos r\u00e9alisations<\/a><\/div>\n<div  class=\"col-sm-7 space-bottom-xs\">\n<div  class=\"image-group-side-3-img\"><img decoding=\"async\"  class=\"topimg shadow-large\" title=\"20210826_202056\" src=\"http:\/\/btplus.gf\/wp-content\/uploads\/2022\/04\/20210826_202056-scaled.jpg\" alt=\"\"> <img decoding=\"async\"  class=\"rightimg shadow-large\" title=\"20220210_152558\" src=\"http:\/\/btplus.gf\/wp-content\/uploads\/2022\/04\/20220210_152558-scaled.jpg\" alt=\"\">\n<div  class=\"leftimg\"><img decoding=\"async\"  class=\"shadow-large\" title=\"20220211_155018\" src=\"http:\/\/btplus.gf\/wp-content\/uploads\/2022\/04\/20220211_155018-scaled.jpg\" alt=\"\"><\/div>\n<\/div>\n<\/div>\n<\/div>\n<\/div>\n<\/div><div  id=\"temoignages\" class=\"testimonials-5-mc content-section content-section-spacing\" style=\"background-color: #f5fafd; background-image: none;\" data-label=\"Temoignages\" data-id=\"testimonials-5-mc\" data-export-id=\"testimonials-5-mc\" data-category=\"testimonials\" data-bullets-visibility=\"true\">\n<div  class=\"gridContainer\">\n<div  class=\"row\">\n<div  class=\"section-title-col\" data-type=\"column\">\n<h2  class=\"\">T\u00e9moignages de nos clients<\/h2>\n<\/div>\n<\/div>\n<div  class=\"row spaced-cols content-center-sm\" data-type=\"row\">\n<div  class=\"col-sm-4\">\n<div  class=\"card y-move bordered\" data-type=\"column\"><i  class=\"fa fa-quote-right icon color1 small quotation-icon\"><\/i>\n<p  class=\"text-center\">J\u2019ai confi\u00e9 la construction de ma maison \u00e0 Bat Tout Plus et je suis tr\u00e8s satisfaite de a r\u00e9alisation.<\/p>\n\n\n<h6  class=\"\">Marlyse Horth<\/h6>\n\n\n<\/div>\n<\/div>\n<div  class=\"col-sm-4\">\n<div  class=\"card y-move bordered\" data-type=\"column\"><i  class=\"fa fa-quote-right icon color1 small quotation-icon\"><\/i>\n<p  class=\"text-center\">Nous avions besoins de d\u2019une entreprise qui r\u00e9alise un travail qui dure dans le temps.<\/p><h6  class=\"\">Entreprise Batisse Guyane<\/h6>\n\n\n\n\n\n<\/div>\n<\/div><div  class=\"col-sm-4\">\n<div  class=\"card y-move bordered\" data-type=\"column\"><i  class=\"fa fa-quote-right icon color1 small quotation-icon\"><\/i>\n<p  class=\"text-center\">Nous avons achet\u00e9 une maison et nous avions des travaux \u00e0 r\u00e9aliser. Bat Tout Plus a r\u00e9pondu pr\u00e9sent.<\/p>\n\n\n<h6  class=\"\">Antoine MADELEINE<\/h6>\n\n\n<\/div>\n<\/div>\n\n<\/div>\n<\/div>\n<\/div><div  id=\"contact-1\" class=\"contact-1-mc content-section content-section-spacing white-text\" style=\"background-color: #ffffff; background-image: url('http:\/\/btplus.gf\/wp-content\/uploads\/2022\/04\/des-questions.png'); background-size: cover; background-position: center top;\" data-label=\"Contact\" data-id=\"contact--1\" data-export-id=\"contact-1-mc\" data-category=\"contact\" data-parallax-depth=\"20\">\n<div  class=\"gridContainer\">\n<div  class=\"row text-center\">\n<div  class=\"section-title-col\" data-type=\"column\">\n<h2  class=\"\">Demandez un devis<\/h2>\n<p  class=\"lead\">Adresse\nR\u00e9sidence Hameau des Encens\n4 route de Sec 97354 R\u00e9mire-Montjoly<\/p>\n\n<\/div>\n<\/div>\n<div  class=\"row text-center\">\n<div  class=\"col-xs-12 col-sm-8 col-sm-offset-2 contact-form-wrapper inline-info\">\n<div  class=\"card large-padding\">\n<div  class=\"\" data-content-shortcode=\"mesmerize_contact_form shortcode=&quot;contact-form-7 id=&amp;amp;quot;5&amp;amp;quot; title=&amp;amp;quot;Formulaire de contact&amp;amp;quot;&quot;\" data-editable=\"true\">\n<div class=\"wpcf7 no-js\" id=\"wpcf7-f5-o1\" lang=\"en-US\" dir=\"ltr\" data-wpcf7-id=\"5\">\n<div class=\"screen-reader-response\"><p role=\"status\" aria-live=\"polite\" aria-atomic=\"true\"><\/p> <ul><\/ul><\/div>\n<form action=\"\/index.php?rest_route=%2Fwp%2Fv2%2Fpages%2F3169#wpcf7-f5-o1\" method=\"post\" class=\"wpcf7-form init\" aria-label=\"Contact form\" novalidate=\"novalidate\" data-status=\"init\">\n<fieldset class=\"hidden-fields-container\"><input type=\"hidden\" name=\"_wpcf7\" value=\"5\" \/><input type=\"hidden\" name=\"_wpcf7_version\" value=\"6.1.4\" \/><input type=\"hidden\" name=\"_wpcf7_locale\" value=\"en_US\" \/><input type=\"hidden\" name=\"_wpcf7_unit_tag\" value=\"wpcf7-f5-o1\" \/><input type=\"hidden\" name=\"_wpcf7_container_post\" value=\"0\" \/><input type=\"hidden\" name=\"_wpcf7_posted_data_hash\" value=\"\" \/>\n<\/fieldset>\n<h3 text-align=\"center\"> Formulaire de contact\n<\/h3>\n<p color=\"black\">Votre nom et pr\u00e9nom (requis)\n<\/p>\n<p><span class=\"wpcf7-form-control-wrap\" data-name=\"your-name\"><input size=\"40\" maxlength=\"400\" class=\"wpcf7-form-control wpcf7-text wpcf7-validates-as-required\" aria-required=\"true\" aria-invalid=\"false\" value=\"\" type=\"text\" name=\"your-name\" \/><\/span>\n<\/p>\n<p>Votre e-mail (requis)\n<\/p>\n<p><span class=\"wpcf7-form-control-wrap\" data-name=\"your-email\"><input size=\"40\" maxlength=\"400\" class=\"wpcf7-form-control wpcf7-email wpcf7-validates-as-required wpcf7-text wpcf7-validates-as-email\" aria-required=\"true\" aria-invalid=\"false\" value=\"\" type=\"email\" name=\"your-email\" \/><\/span>\n<\/p>\n<p><label> Objet<br \/>\n<span class=\"wpcf7-form-control-wrap\" data-name=\"your-subject\"><input size=\"40\" maxlength=\"400\" class=\"wpcf7-form-control wpcf7-text wpcf7-validates-as-required\" aria-required=\"true\" aria-invalid=\"false\" value=\"\" type=\"text\" name=\"your-subject\" \/><\/span> <\/label>\n<\/p>\n<p>Sujet du mail\n<\/p>\n<p><span class=\"wpcf7-form-control-wrap\" data-name=\"Objetdumail\"><span class=\"wpcf7-form-control wpcf7-radio\"><span class=\"wpcf7-list-item first\"><label><input type=\"radio\" name=\"Objetdumail\" value=\"Demande de devis (envoyer votre plan)\" checked=\"checked\" \/><span class=\"wpcf7-list-item-label\">Demande de devis (envoyer votre plan)<\/span><\/label><\/span><span class=\"wpcf7-list-item\"><label><input type=\"radio\" name=\"Objetdumail\" value=\"Demande de rendez-vous\" \/><span class=\"wpcf7-list-item-label\">Demande de rendez-vous<\/span><\/label><\/span><span class=\"wpcf7-list-item last\"><label><input type=\"radio\" name=\"Objetdumail\" value=\"Autre question\" \/><span class=\"wpcf7-list-item-label\">Autre question<\/span><\/label><\/span><\/span><\/span>\n<\/p>\n<p>Service\n<\/p>\n<p><span class=\"wpcf7-form-control-wrap\" data-name=\"menu-deroulant\"><select class=\"wpcf7-form-control wpcf7-select wpcf7-validates-as-required\" aria-required=\"true\" aria-invalid=\"false\" name=\"menu-deroulant\"><option value=\"Construction\">Construction<\/option><option value=\"Peinture en b\u00e2timent\">Peinture en b\u00e2timent<\/option><option value=\"R\u00e9novation\">R\u00e9novation<\/option><\/select><\/span>\n<\/p>\n<p>Votre message\n<\/p>\n<p><span class=\"wpcf7-form-control-wrap\" data-name=\"your-message\"><textarea cols=\"40\" rows=\"10\" maxlength=\"2000\" class=\"wpcf7-form-control wpcf7-textarea\" aria-invalid=\"false\" name=\"your-message\"><\/textarea><\/span>\n<\/p>\n<p><input class=\"wpcf7-form-control wpcf7-submit has-spinner\" type=\"submit\" value=\"Envoyer\" \/>\n<\/p><div class=\"wpcf7-response-output\" aria-hidden=\"true\"><\/div>\n<\/form>\n<\/div>\n<\/div>\n<\/div>\n<\/div>\n<\/div>\n<\/div>\n<\/div>","protected":false},"excerpt":{"rendered":"<p>Nous avons les solutions qu\u2019il vous faut Construction Nous construisons des maisons individuelles conform\u00e9ment \u00e0 votre plan de construction. Nous proposons&nbsp; aussi un service cl\u00e9 en main, sur mesure pour vous. Peinture Pour les entreprises et les bailleurs nous proposons un service de peinture en batiment, avec une expertise \u00e0 l\u00e9preuve du temps et de&hellip; <br \/> <a class=\"read-more\" href=\"https:\/\/btplus.gf\/\">Lire la suite<\/a><\/p>\n","protected":false},"author":1,"featured_media":0,"parent":0,"menu_order":0,"comment_status":"closed","ping_status":"closed","template":"page-templates\/homepage.php","meta":{"om_disable_all_campaigns":false,"footnotes":""},"class_list":["post-3169","page","type-page","status-publish","hentry"],"aioseo_notices":[],"_links":{"self":[{"href":"https:\/\/btplus.gf\/index.php?rest_route=\/wp\/v2\/pages\/3169","targetHints":{"allow":["GET"]}}],"collection":[{"href":"https:\/\/btplus.gf\/index.php?rest_route=\/wp\/v2\/pages"}],"about":[{"href":"https:\/\/btplus.gf\/index.php?rest_route=\/wp\/v2\/types\/page"}],"author":[{"embeddable":true,"href":"https:\/\/btplus.gf\/index.php?rest_route=\/wp\/v2\/users\/1"}],"replies":[{"embeddable":true,"href":"https:\/\/btplus.gf\/index.php?rest_route=%2Fwp%2Fv2%2Fcomments&post=3169"}],"version-history":[{"count":101,"href":"https:\/\/btplus.gf\/index.php?rest_route=\/wp\/v2\/pages\/3169\/revisions"}],"predecessor-version":[{"id":3593,"href":"https:\/\/btplus.gf\/index.php?rest_route=\/wp\/v2\/pages\/3169\/revisions\/3593"}],"wp:attachment":[{"href":"https:\/\/btplus.gf\/index.php?rest_route=%2Fwp%2Fv2%2Fmedia&parent=3169"}],"curies":[{"name":"wp","href":"https:\/\/api.w.org\/{rel}","templated":true}]}}